{"id":29099,"date":"2023-02-13T11:23:09","date_gmt":"2023-02-13T10:23:09","guid":{"rendered":"https:\/\/leihbaraobjets.supero.ch\/wie-funktionierts\/"},"modified":"2025-04-30T14:09:00","modified_gmt":"2025-04-30T12:09:00","slug":"wie-funktionierts","status":"publish","type":"page","link":"https:\/\/leihbaraobjets.ch\/fr\/wie-funktionierts\/","title":{"rendered":"Comment \u00e7a fonctionne?"},"content":{"rendered":"\t\t<div data-elementor-type=\"wp-page\" data-elementor-id=\"29099\" class=\"elementor elementor-29099 elementor-28928\" data-elementor-post-type=\"page\">\n\t\t\t\t\t\t<section class=\"elementor-section elementor-top-section elementor-element elementor-element-16791ad7 elementor-section-boxed elementor-section-height-default elementor-section-height-default\" data-id=\"16791ad7\" data-element_type=\"section\">\n\t\t\t\t\t\t<div class=\"elementor-container elementor-column-gap-default\">\n\t\t\t\t\t<div class=\"elementor-column elementor-col-100 elementor-top-column elementor-element elementor-element-68e58eac\" data-id=\"68e58eac\" data-element_type=\"column\">\n\t\t\t<div class=\"elementor-widget-wrap elementor-element-populated\">\n\t\t\t\t\t\t\t<\/div>\n\t\t<\/div>\n\t\t\t\t\t<\/div>\n\t\t<\/section>\n\t\t\t\t<section class=\"elementor-section elementor-top-section elementor-element elementor-element-7127fa5 elementor-section-boxed elementor-section-height-default elementor-section-height-default\" data-id=\"7127fa5\" data-element_type=\"section\">\n\t\t\t\t\t\t<div class=\"elementor-container elementor-column-gap-default\">\n\t\t\t\t\t<div class=\"elementor-column elementor-col-100 elementor-top-column elementor-element elementor-element-43645d6\" data-id=\"43645d6\" data-element_type=\"column\">\n\t\t\t<div class=\"elementor-widget-wrap elementor-element-populated\">\n\t\t\t\t\t\t<div class=\"elementor-element elementor-element-ec4e098 elementor-widget elementor-widget-text-editor\" data-id=\"ec4e098\" data-element_type=\"widget\" data-widget_type=\"text-editor.default\">\n\t\t\t\t<div class=\"elementor-widget-container\">\n\t\t\t\t\t\t\t\t\t<h1 style=\"font-weight: 400;\">Guide \u00e9tape par \u00e9tape<br><\/h1>\n<p><\/p>\t\t\t\t\t\t\t\t<\/div>\n\t\t\t\t<\/div>\n\t\t\t\t<div class=\"elementor-element elementor-element-d7b1c00 elementor-widget elementor-widget-accordion\" data-id=\"d7b1c00\" data-element_type=\"widget\" data-widget_type=\"accordion.default\">\n\t\t\t\t<div class=\"elementor-widget-container\">\n\t\t\t\t\t\t\t<div class=\"elementor-accordion\">\n\t\t\t\t\t\t\t<div class=\"elementor-accordion-item\">\n\t\t\t\t\t<div id=\"elementor-tab-title-2261\" class=\"elementor-tab-title\" data-tab=\"1\" role=\"button\" aria-controls=\"elementor-tab-content-2261\" aria-expanded=\"false\">\n\t\t\t\t\t\t\t\t\t\t\t\t\t<span class=\"elementor-accordion-icon elementor-accordion-icon-right\" aria-hidden=\"true\">\n\t\t\t\t\t\t\t\t\t\t\t\t\t\t\t<span class=\"elementor-accordion-icon-closed\"><i class=\"fas fa-plus\"><\/i><\/span>\n\t\t\t\t\t\t\t\t<span class=\"elementor-accordion-icon-opened\"><i class=\"fas fa-minus\"><\/i><\/span>\n\t\t\t\t\t\t\t\t\t\t\t\t\t\t<\/span>\n\t\t\t\t\t\t\t\t\t\t\t\t<a class=\"elementor-accordion-title\" tabindex=\"0\">1. S'inscrire<\/a>\n\t\t\t\t\t<\/div>\n\t\t\t\t\t<div id=\"elementor-tab-content-2261\" class=\"elementor-tab-content elementor-clearfix\" data-tab=\"1\" role=\"region\" aria-labelledby=\"elementor-tab-title-2261\"><ul>\n<li><span style=\"text-decoration: underline;\"><a href=\"https:\/\/leihbaraobjetsbielbienne.myturn.com\/library\/createUser\/create?requestedFormat=\" target=\"_blank\" rel=\"noopener\">Inscris-toi en ligne<\/a><\/span> ou passe directement chez nous au <span style=\"text-decoration: underline;\"><a href=\"https:\/\/www.openstreetmap.org\/node\/8729052026\" target=\"_blank\" rel=\"noopener\">LeihBar\u00e0Objets<\/a><\/span>.<\/li>\n<li>Confirme ton adresse e-mail.<\/li>\n<li>Paye ta cotisation directement sur place au LeihBar\u00e0Objets : soit en esp\u00e8ces, soit par Twint. Il y a un distributeur automatique de billets juste \u00e0 c\u00f4t\u00e9, \u00e0 la Migros.<\/li>\n<\/ul>\n<\/div>\n\t\t\t\t<\/div>\n\t\t\t\t\t\t\t<div class=\"elementor-accordion-item\">\n\t\t\t\t\t<div id=\"elementor-tab-title-2262\" class=\"elementor-tab-title\" data-tab=\"2\" role=\"button\" aria-controls=\"elementor-tab-content-2262\" aria-expanded=\"false\">\n\t\t\t\t\t\t\t\t\t\t\t\t\t<span class=\"elementor-accordion-icon elementor-accordion-icon-right\" aria-hidden=\"true\">\n\t\t\t\t\t\t\t\t\t\t\t\t\t\t\t<span class=\"elementor-accordion-icon-closed\"><i class=\"fas fa-plus\"><\/i><\/span>\n\t\t\t\t\t\t\t\t<span class=\"elementor-accordion-icon-opened\"><i class=\"fas fa-minus\"><\/i><\/span>\n\t\t\t\t\t\t\t\t\t\t\t\t\t\t<\/span>\n\t\t\t\t\t\t\t\t\t\t\t\t<a class=\"elementor-accordion-title\" tabindex=\"0\">2. R\u00e9server<\/a>\n\t\t\t\t\t<\/div>\n\t\t\t\t\t<div id=\"elementor-tab-content-2262\" class=\"elementor-tab-content elementor-clearfix\" data-tab=\"2\" role=\"region\" aria-labelledby=\"elementor-tab-title-2262\"><ul>\n<li>Parcours <span style=\"text-decoration: underline;\"><a href=\"https:\/\/leihbaraobjets.ch\/fr\/katalog\/\" target=\"_blank\" rel=\"noopener\">le catalogue de la LeihBar\u00e0Objet<\/a>s<\/span> ou cherche des objets de mani\u00e8re cibl\u00e9e.<\/li>\n<li>Si un objet te pla\u00eet, tu peux le r\u00e9server directement dans le catalogue en ligne. Tu recevras les confirmations et les informations compl\u00e9mentaires par e-mail.<\/li>\n<\/ul>\n<\/div>\n\t\t\t\t<\/div>\n\t\t\t\t\t\t\t<div class=\"elementor-accordion-item\">\n\t\t\t\t\t<div id=\"elementor-tab-title-2263\" class=\"elementor-tab-title\" data-tab=\"3\" role=\"button\" aria-controls=\"elementor-tab-content-2263\" aria-expanded=\"false\">\n\t\t\t\t\t\t\t\t\t\t\t\t\t<span class=\"elementor-accordion-icon elementor-accordion-icon-right\" aria-hidden=\"true\">\n\t\t\t\t\t\t\t\t\t\t\t\t\t\t\t<span class=\"elementor-accordion-icon-closed\"><i class=\"fas fa-plus\"><\/i><\/span>\n\t\t\t\t\t\t\t\t<span class=\"elementor-accordion-icon-opened\"><i class=\"fas fa-minus\"><\/i><\/span>\n\t\t\t\t\t\t\t\t\t\t\t\t\t\t<\/span>\n\t\t\t\t\t\t\t\t\t\t\t\t<a class=\"elementor-accordion-title\" tabindex=\"0\">3. venir chercher<\/a>\n\t\t\t\t\t<\/div>\n\t\t\t\t\t<div id=\"elementor-tab-content-2263\" class=\"elementor-tab-content elementor-clearfix\" data-tab=\"3\" role=\"region\" aria-labelledby=\"elementor-tab-title-2263\"><ul>\n<li>Tu peux venir chercher tes objets chez nous pendant l<span style=\"text-decoration: underline;\"><a href=\"https:\/\/leihbaraobjets.ch\/fr\/ueber-uns-infos\/\">es heures d&rsquo;ouverture<\/a><\/span>.<\/li>\n<li>Si tu n\u2019as pas encore payer ta cotisation tu peux le faire \u00e0 ce moment: en esp\u00e8ces ou par Twint.<\/li>\n<li>Pr\u00e9sente-toi avec une pi\u00e8ce d&rsquo;identit\u00e9.<\/li>\n<li>Tu peux maintenant emporter l&rsquo;objet chez toi pendant deux semaines et l&rsquo;utiliser. Manipule-le avec soin, s&rsquo;il te pla\u00eet. Tu trouveras plus d&rsquo;informations sur les conditions d\u2019utilisation dans les <span style=\"text-decoration: underline;\"><a href=\"https:\/\/leihbaraobjets.ch\/wp-content\/uploads\/2023\/03\/23_03_AGBs-CG_LeihBaraObjets-6.pdf\">CGV<\/a><\/span> ou sur notre <span style=\"text-decoration: underline;\"><a href=\"https:\/\/leihbaraobjets.ch\/fr\/faq\/\">page FAQ<\/a><\/span>.<\/li>\n<\/ul>\n<\/div>\n\t\t\t\t<\/div>\n\t\t\t\t\t\t\t<div class=\"elementor-accordion-item\">\n\t\t\t\t\t<div id=\"elementor-tab-title-2264\" class=\"elementor-tab-title\" data-tab=\"4\" role=\"button\" aria-controls=\"elementor-tab-content-2264\" aria-expanded=\"false\">\n\t\t\t\t\t\t\t\t\t\t\t\t\t<span class=\"elementor-accordion-icon elementor-accordion-icon-right\" aria-hidden=\"true\">\n\t\t\t\t\t\t\t\t\t\t\t\t\t\t\t<span class=\"elementor-accordion-icon-closed\"><i class=\"fas fa-plus\"><\/i><\/span>\n\t\t\t\t\t\t\t\t<span class=\"elementor-accordion-icon-opened\"><i class=\"fas fa-minus\"><\/i><\/span>\n\t\t\t\t\t\t\t\t\t\t\t\t\t\t<\/span>\n\t\t\t\t\t\t\t\t\t\t\t\t<a class=\"elementor-accordion-title\" tabindex=\"0\">4. prolonger<\/a>\n\t\t\t\t\t<\/div>\n\t\t\t\t\t<div id=\"elementor-tab-content-2264\" class=\"elementor-tab-content elementor-clearfix\" data-tab=\"4\" role=\"region\" aria-labelledby=\"elementor-tab-title-2264\"><ul>\n<li>Si tu as besoin de l&rsquo;objet plus longtemps que pr\u00e9vu, tu peux prolonger la dur\u00e9e de pr\u00eat une fois, \u00e0 condition qu&rsquo;il n&rsquo;ait pas encore \u00e9t\u00e9 r\u00e9serv\u00e9 par quelqu&rsquo;un.e d&rsquo;autre.<\/li>\n<li>Pour ce faire, connecte-toi au catalogue en ligne et essaie de prolonger la p\u00e9riode d\u2019emprunt.<\/li>\n<\/ul>\n<\/div>\n\t\t\t\t<\/div>\n\t\t\t\t\t\t\t<div class=\"elementor-accordion-item\">\n\t\t\t\t\t<div id=\"elementor-tab-title-2265\" class=\"elementor-tab-title\" data-tab=\"5\" role=\"button\" aria-controls=\"elementor-tab-content-2265\" aria-expanded=\"false\">\n\t\t\t\t\t\t\t\t\t\t\t\t\t<span class=\"elementor-accordion-icon elementor-accordion-icon-right\" aria-hidden=\"true\">\n\t\t\t\t\t\t\t\t\t\t\t\t\t\t\t<span class=\"elementor-accordion-icon-closed\"><i class=\"fas fa-plus\"><\/i><\/span>\n\t\t\t\t\t\t\t\t<span class=\"elementor-accordion-icon-opened\"><i class=\"fas fa-minus\"><\/i><\/span>\n\t\t\t\t\t\t\t\t\t\t\t\t\t\t<\/span>\n\t\t\t\t\t\t\t\t\t\t\t\t<a class=\"elementor-accordion-title\" tabindex=\"0\">5. retour<\/a>\n\t\t\t\t\t<\/div>\n\t\t\t\t\t<div id=\"elementor-tab-content-2265\" class=\"elementor-tab-content elementor-clearfix\" data-tab=\"5\" role=\"region\" aria-labelledby=\"elementor-tab-title-2265\"><ul>\n<li>Rends tes objets \u00e0 temps, afin que d&rsquo;autres puissent \u00e9galement en profiter.<\/li>\n<li>Rends les objets propres et complets.<\/li>\n<li>Lors de la restitution nous contr\u00f4lerons son \u00e9tat et cela peut prendre quelques minutes selon l&rsquo;objet.<\/li>\n<\/ul>\n<\/div>\n\t\t\t\t<\/div>\n\t\t\t\t\t\t\t\t<\/div>\n\t\t\t\t\t\t<\/div>\n\t\t\t\t<\/div>\n\t\t\t\t\t<\/div>\n\t\t<\/div>\n\t\t\t\t\t<\/div>\n\t\t<\/section>\n\t\t\t\t<section class=\"elementor-section elementor-top-section elementor-element elementor-element-323be07 elementor-section-boxed elementor-section-height-default elementor-section-height-default\" data-id=\"323be07\" data-element_type=\"section\">\n\t\t\t\t\t\t<div class=\"elementor-container elementor-column-gap-default\">\n\t\t\t\t\t<div class=\"elementor-column elementor-col-100 elementor-top-column elementor-element elementor-element-b340213\" data-id=\"b340213\" data-element_type=\"column\">\n\t\t\t<div class=\"elementor-widget-wrap elementor-element-populated\">\n\t\t\t\t\t\t<div class=\"elementor-element elementor-element-1184db8 elementor-widget elementor-widget-text-editor\" data-id=\"1184db8\" data-element_type=\"widget\" data-widget_type=\"text-editor.default\">\n\t\t\t\t<div class=\"elementor-widget-container\">\n\t\t\t\t\t\t\t\t\t<h1 style=\"font-weight: 400;\">Adh\u00e9sions et abonnements<\/h1>\n\t\t\t\t\t\t\t\t<\/div>\n\t\t\t\t<\/div>\n\t\t\t\t<div class=\"elementor-element elementor-element-3a83ccc elementor-widget elementor-widget-accordion\" data-id=\"3a83ccc\" data-element_type=\"widget\" data-widget_type=\"accordion.default\">\n\t\t\t\t<div class=\"elementor-widget-container\">\n\t\t\t\t\t\t\t<div class=\"elementor-accordion\">\n\t\t\t\t\t\t\t<div class=\"elementor-accordion-item\">\n\t\t\t\t\t<div id=\"elementor-tab-title-6131\" class=\"elementor-tab-title\" data-tab=\"1\" role=\"button\" aria-controls=\"elementor-tab-content-6131\" aria-expanded=\"false\">\n\t\t\t\t\t\t\t\t\t\t\t\t\t<span class=\"elementor-accordion-icon elementor-accordion-icon-right\" aria-hidden=\"true\">\n\t\t\t\t\t\t\t\t\t\t\t\t\t\t\t<span class=\"elementor-accordion-icon-closed\"><i class=\"fas fa-plus\"><\/i><\/span>\n\t\t\t\t\t\t\t\t<span class=\"elementor-accordion-icon-opened\"><i class=\"fas fa-minus\"><\/i><\/span>\n\t\t\t\t\t\t\t\t\t\t\t\t\t\t<\/span>\n\t\t\t\t\t\t\t\t\t\t\t\t<a class=\"elementor-accordion-title\" tabindex=\"0\">Mois d'essai<\/a>\n\t\t\t\t\t<\/div>\n\t\t\t\t\t<div id=\"elementor-tab-content-6131\" class=\"elementor-tab-content elementor-clearfix\" data-tab=\"1\" role=\"region\" aria-labelledby=\"elementor-tab-title-6131\"><p>1 mois pour 5 CHF avec \u00e9ventuellement des objets limit\u00e9s<\/p>\n<\/div>\n\t\t\t\t<\/div>\n\t\t\t\t\t\t\t<div class=\"elementor-accordion-item\">\n\t\t\t\t\t<div id=\"elementor-tab-title-6132\" class=\"elementor-tab-title\" data-tab=\"2\" role=\"button\" aria-controls=\"elementor-tab-content-6132\" aria-expanded=\"false\">\n\t\t\t\t\t\t\t\t\t\t\t\t\t<span class=\"elementor-accordion-icon elementor-accordion-icon-right\" aria-hidden=\"true\">\n\t\t\t\t\t\t\t\t\t\t\t\t\t\t\t<span class=\"elementor-accordion-icon-closed\"><i class=\"fas fa-plus\"><\/i><\/span>\n\t\t\t\t\t\t\t\t<span class=\"elementor-accordion-icon-opened\"><i class=\"fas fa-minus\"><\/i><\/span>\n\t\t\t\t\t\t\t\t\t\t\t\t\t\t<\/span>\n\t\t\t\t\t\t\t\t\t\t\t\t<a class=\"elementor-accordion-title\" tabindex=\"0\">Personne seule<\/a>\n\t\t\t\t\t<\/div>\n\t\t\t\t\t<div id=\"elementor-tab-content-6132\" class=\"elementor-tab-content elementor-clearfix\" data-tab=\"2\" role=\"region\" aria-labelledby=\"elementor-tab-title-6132\"><p>Nombre illimit\u00e9 d&rsquo;objets, pendant un an pour 50 CHF<\/p>\n<\/div>\n\t\t\t\t<\/div>\n\t\t\t\t\t\t\t<div class=\"elementor-accordion-item\">\n\t\t\t\t\t<div id=\"elementor-tab-title-6133\" class=\"elementor-tab-title\" data-tab=\"3\" role=\"button\" aria-controls=\"elementor-tab-content-6133\" aria-expanded=\"false\">\n\t\t\t\t\t\t\t\t\t\t\t\t\t<span class=\"elementor-accordion-icon elementor-accordion-icon-right\" aria-hidden=\"true\">\n\t\t\t\t\t\t\t\t\t\t\t\t\t\t\t<span class=\"elementor-accordion-icon-closed\"><i class=\"fas fa-plus\"><\/i><\/span>\n\t\t\t\t\t\t\t\t<span class=\"elementor-accordion-icon-opened\"><i class=\"fas fa-minus\"><\/i><\/span>\n\t\t\t\t\t\t\t\t\t\t\t\t\t\t<\/span>\n\t\t\t\t\t\t\t\t\t\t\t\t<a class=\"elementor-accordion-title\" tabindex=\"0\">Membre donateurice <\/a>\n\t\t\t\t\t<\/div>\n\t\t\t\t\t<div id=\"elementor-tab-content-6133\" class=\"elementor-tab-content elementor-clearfix\" data-tab=\"3\" role=\"region\" aria-labelledby=\"elementor-tab-title-6133\"><p>Nombre illimit\u00e9 d&rsquo;objets, pendant un an pour 75 CHF<\/p>\n<\/div>\n\t\t\t\t<\/div>\n\t\t\t\t\t\t\t<div class=\"elementor-accordion-item\">\n\t\t\t\t\t<div id=\"elementor-tab-title-6134\" class=\"elementor-tab-title\" data-tab=\"4\" role=\"button\" aria-controls=\"elementor-tab-content-6134\" aria-expanded=\"false\">\n\t\t\t\t\t\t\t\t\t\t\t\t\t<span class=\"elementor-accordion-icon elementor-accordion-icon-right\" aria-hidden=\"true\">\n\t\t\t\t\t\t\t\t\t\t\t\t\t\t\t<span class=\"elementor-accordion-icon-closed\"><i class=\"fas fa-plus\"><\/i><\/span>\n\t\t\t\t\t\t\t\t<span class=\"elementor-accordion-icon-opened\"><i class=\"fas fa-minus\"><\/i><\/span>\n\t\t\t\t\t\t\t\t\t\t\t\t\t\t<\/span>\n\t\t\t\t\t\t\t\t\t\t\t\t<a class=\"elementor-accordion-title\" tabindex=\"0\">Soliabo pour les personnes ayant peu de moyens <\/a>\n\t\t\t\t\t<\/div>\n\t\t\t\t\t<div id=\"elementor-tab-content-6134\" class=\"elementor-tab-content elementor-clearfix\" data-tab=\"4\" role=\"region\" aria-labelledby=\"elementor-tab-title-6134\"><p><span class=\"--l --r sentence_highlight\">Personnes \u00e0 faibles revenus (avec KulturLegi ou carte Caritas) : Tarif r\u00e9duit pour les membres \u00e0 25 CHF<\/span><\/p>\n<\/div>\n\t\t\t\t<\/div>\n\t\t\t\t\t\t\t<div class=\"elementor-accordion-item\">\n\t\t\t\t\t<div id=\"elementor-tab-title-6135\" class=\"elementor-tab-title\" data-tab=\"5\" role=\"button\" aria-controls=\"elementor-tab-content-6135\" aria-expanded=\"false\">\n\t\t\t\t\t\t\t\t\t\t\t\t\t<span class=\"elementor-accordion-icon elementor-accordion-icon-right\" aria-hidden=\"true\">\n\t\t\t\t\t\t\t\t\t\t\t\t\t\t\t<span class=\"elementor-accordion-icon-closed\"><i class=\"fas fa-plus\"><\/i><\/span>\n\t\t\t\t\t\t\t\t<span class=\"elementor-accordion-icon-opened\"><i class=\"fas fa-minus\"><\/i><\/span>\n\t\t\t\t\t\t\t\t\t\t\t\t\t\t<\/span>\n\t\t\t\t\t\t\t\t\t\t\t\t<a class=\"elementor-accordion-title\" tabindex=\"0\">Institutions \/ Associations<\/a>\n\t\t\t\t\t<\/div>\n\t\t\t\t\t<div id=\"elementor-tab-content-6135\" class=\"elementor-tab-content elementor-clearfix\" data-tab=\"5\" role=\"region\" aria-labelledby=\"elementor-tab-title-6135\"><p>Les institutions et les associations peuvent devenir membres transf\u00e9rables. Le montant de la cotisation est fix\u00e9 en fonction de la taille de l&rsquo;association ou de l&rsquo;institution.  Merci de nous contacter par mail pour plus d&rsquo;informations.<\/p>\n<\/div>\n\t\t\t\t<\/div>\n\t\t\t\t\t\t\t\t<\/div>\n\t\t\t\t\t\t<\/div>\n\t\t\t\t<\/div>\n\t\t\t\t\t<\/div>\n\t\t<\/div>\n\t\t\t\t\t<\/div>\n\t\t<\/section>\n\t\t\t\t<section class=\"elementor-section elementor-top-section elementor-element elementor-element-73ace2a elementor-section-boxed elementor-section-height-default elementor-section-height-default\" data-id=\"73ace2a\" data-element_type=\"section\">\n\t\t\t\t\t\t<div class=\"elementor-container elementor-column-gap-default\">\n\t\t\t\t\t<div class=\"elementor-column elementor-col-100 elementor-top-column elementor-element elementor-element-dd1ebae\" data-id=\"dd1ebae\" data-element_type=\"column\">\n\t\t\t<div class=\"elementor-widget-wrap elementor-element-populated\">\n\t\t\t\t\t\t<div class=\"elementor-element elementor-element-9b144cc elementor-widget elementor-widget-text-editor\" data-id=\"9b144cc\" data-element_type=\"widget\" data-widget_type=\"text-editor.default\">\n\t\t\t\t<div class=\"elementor-widget-container\">\n\t\t\t\t\t\t\t\t\t<h1 style=\"font-weight: 400;\">Engagement et objets<\/h1>\n\t\t\t\t\t\t\t\t<\/div>\n\t\t\t\t<\/div>\n\t\t\t\t<div class=\"elementor-element elementor-element-05972a7 elementor-widget elementor-widget-accordion\" data-id=\"05972a7\" data-element_type=\"widget\" data-widget_type=\"accordion.default\">\n\t\t\t\t<div class=\"elementor-widget-container\">\n\t\t\t\t\t\t\t<div class=\"elementor-accordion\">\n\t\t\t\t\t\t\t<div class=\"elementor-accordion-item\">\n\t\t\t\t\t<div id=\"elementor-tab-title-5861\" class=\"elementor-tab-title\" data-tab=\"1\" role=\"button\" aria-controls=\"elementor-tab-content-5861\" aria-expanded=\"false\">\n\t\t\t\t\t\t\t\t\t\t\t\t\t<span class=\"elementor-accordion-icon elementor-accordion-icon-right\" aria-hidden=\"true\">\n\t\t\t\t\t\t\t\t\t\t\t\t\t\t\t<span class=\"elementor-accordion-icon-closed\"><i class=\"fas fa-plus\"><\/i><\/span>\n\t\t\t\t\t\t\t\t<span class=\"elementor-accordion-icon-opened\"><i class=\"fas fa-minus\"><\/i><\/span>\n\t\t\t\t\t\t\t\t\t\t\t\t\t\t<\/span>\n\t\t\t\t\t\t\t\t\t\t\t\t<a class=\"elementor-accordion-title\" tabindex=\"0\">B\u00e9n\u00e9volat pour les heures de pr\u00e9sence<\/a>\n\t\t\t\t\t<\/div>\n\t\t\t\t\t<div id=\"elementor-tab-content-5861\" class=\"elementor-tab-content elementor-clearfix\" data-tab=\"1\" role=\"region\" aria-labelledby=\"elementor-tab-title-5861\"><p>Nous sommes \u00e0 la recherche de b\u00e9n\u00e9voles motiv\u00e9.es qui souhaitent aider au fonctionnement du LeihBar\u00e0Objets. Tu es int\u00e9ress\u00e9.e ? <span style=\"text-decoration: underline;\"><a href=\"mailto:info@leihbaraobjets.ch\">Envoye-nous un e-mail<\/a><\/span>.<\/p>\n<\/div>\n\t\t\t\t<\/div>\n\t\t\t\t\t\t\t<div class=\"elementor-accordion-item\">\n\t\t\t\t\t<div id=\"elementor-tab-title-5862\" class=\"elementor-tab-title\" data-tab=\"2\" role=\"button\" aria-controls=\"elementor-tab-content-5862\" aria-expanded=\"false\">\n\t\t\t\t\t\t\t\t\t\t\t\t\t<span class=\"elementor-accordion-icon elementor-accordion-icon-right\" aria-hidden=\"true\">\n\t\t\t\t\t\t\t\t\t\t\t\t\t\t\t<span class=\"elementor-accordion-icon-closed\"><i class=\"fas fa-plus\"><\/i><\/span>\n\t\t\t\t\t\t\t\t<span class=\"elementor-accordion-icon-opened\"><i class=\"fas fa-minus\"><\/i><\/span>\n\t\t\t\t\t\t\t\t\t\t\t\t\t\t<\/span>\n\t\t\t\t\t\t\t\t\t\t\t\t<a class=\"elementor-accordion-title\" tabindex=\"0\">Faire un don d'objets<\/a>\n\t\t\t\t\t<\/div>\n\t\t\t\t\t<div id=\"elementor-tab-content-5862\" class=\"elementor-tab-content elementor-clearfix\" data-tab=\"2\" role=\"region\" aria-labelledby=\"elementor-tab-title-5862\"><p>Les objets de qualit\u00e9 qui se pr\u00eatent au pr\u00eat sont toujours les bienvenus. Sur la base des <a href=\"https:\/\/leihbaraobjets.ch\/wp-content\/uploads\/2023\/02\/LEIHBARAOBJETS-Kriterien.pdf\"><span style=\"text-decoration: underline;\">crit\u00e8res d&rsquo;admission<\/span><\/a>, nous d\u00e9cidons si l&rsquo;objet convient \u00e0 notre assortiment.<\/p>\n<p>Tu peux nous envoyer des informations sur les objets \u00e0 donner <span style=\"text-decoration: underline;\"><a href=\"mailto:info@leihbaraobjets.ch\">par e-mail<\/a><\/span>. Tu peux \u00e9galement passer directement au LeihBar\u00e0Objets et apporter l&rsquo;objet.<\/p>\n<\/div>\n\t\t\t\t<\/div>\n\t\t\t\t\t\t\t<div class=\"elementor-accordion-item\">\n\t\t\t\t\t<div id=\"elementor-tab-title-5863\" class=\"elementor-tab-title\" data-tab=\"3\" role=\"button\" aria-controls=\"elementor-tab-content-5863\" aria-expanded=\"false\">\n\t\t\t\t\t\t\t\t\t\t\t\t\t<span class=\"elementor-accordion-icon elementor-accordion-icon-right\" aria-hidden=\"true\">\n\t\t\t\t\t\t\t\t\t\t\t\t\t\t\t<span class=\"elementor-accordion-icon-closed\"><i class=\"fas fa-plus\"><\/i><\/span>\n\t\t\t\t\t\t\t\t<span class=\"elementor-accordion-icon-opened\"><i class=\"fas fa-minus\"><\/i><\/span>\n\t\t\t\t\t\t\t\t\t\t\t\t\t\t<\/span>\n\t\t\t\t\t\t\t\t\t\t\t\t<a class=\"elementor-accordion-title\" tabindex=\"0\">Objets Liste de souhaits<\/a>\n\t\t\t\t\t<\/div>\n\t\t\t\t\t<div id=\"elementor-tab-content-5863\" class=\"elementor-tab-content elementor-clearfix\" data-tab=\"3\" role=\"region\" aria-labelledby=\"elementor-tab-title-5863\"><p>En t\u00eate de notre liste de souhaits :<\/p>\n<ul>\n<li>Grande \u00e9chelle (en aluminium)<\/li>\n<li>T\u00e9l\u00e9m\u00e8tre laser<\/li>\n<li>Machine \u00e0 barbe \u00e0 papa<\/li>\n<li>Appareil de nettoyage de tapis<\/li>\n<li>Equipement de camping<\/li>\n<\/ul>\n<p>Tu poss\u00e8des un de ces objets et tu aimerais nous en faire don ? Ou peut-\u00eatre un.e voisin.e ou un.e ami.e? Fais passer le mot et <span style=\"text-decoration: underline;\"><a href=\"mailto:info@leihbaraobjets.ch\">contacte-nous.<\/a><\/span><\/p>\n<\/div>\n\t\t\t\t<\/div>\n\t\t\t\t\t\t\t\t<\/div>\n\t\t\t\t\t\t<\/div>\n\t\t\t\t<\/div>\n\t\t\t\t\t<\/div>\n\t\t<\/div>\n\t\t\t\t\t<\/div>\n\t\t<\/section>\n\t\t\t\t<section class=\"elementor-section elementor-top-section elementor-element elementor-element-d6c7926 elementor-section-boxed elementor-section-height-default elementor-section-height-default\" data-id=\"d6c7926\" data-element_type=\"section\">\n\t\t\t\t\t\t<div class=\"elementor-container elementor-column-gap-default\">\n\t\t\t\t\t<div class=\"elementor-column elementor-col-100 elementor-top-column elementor-element elementor-element-b11e716\" data-id=\"b11e716\" data-element_type=\"column\">\n\t\t\t<div class=\"elementor-widget-wrap elementor-element-populated\">\n\t\t\t\t\t\t<div class=\"elementor-element elementor-element-02b75b9 elementor-widget elementor-widget-image\" data-id=\"02b75b9\" data-element_type=\"widget\" data-widget_type=\"image.default\">\n\t\t\t\t<div class=\"elementor-widget-container\">\n\t\t\t\t\t\t\t\t\t\t\t\t\t\t\t<img fetchpriority=\"high\" decoding=\"async\" width=\"726\" height=\"1024\" src=\"https:\/\/leihbaraobjets.ch\/wp-content\/uploads\/2023\/02\/A5_Flyer_LeihbarBiel_Zahnbuerste@6x-726x1024.png\" class=\"attachment-large size-large wp-image-29275\" alt=\"\" srcset=\"https:\/\/leihbaraobjets.ch\/wp-content\/uploads\/2023\/02\/A5_Flyer_LeihbarBiel_Zahnbuerste@6x-726x1024.png 726w, https:\/\/leihbaraobjets.ch\/wp-content\/uploads\/2023\/02\/A5_Flyer_LeihbarBiel_Zahnbuerste@6x-213x300.png 213w, https:\/\/leihbaraobjets.ch\/wp-content\/uploads\/2023\/02\/A5_Flyer_LeihbarBiel_Zahnbuerste@6x-768x1083.png 768w, https:\/\/leihbaraobjets.ch\/wp-content\/uploads\/2023\/02\/A5_Flyer_LeihbarBiel_Zahnbuerste@6x-1089x1536.png 1089w, https:\/\/leihbaraobjets.ch\/wp-content\/uploads\/2023\/02\/A5_Flyer_LeihbarBiel_Zahnbuerste@6x-1453x2048.png 1453w, https:\/\/leihbaraobjets.ch\/wp-content\/uploads\/2023\/02\/A5_Flyer_LeihbarBiel_Zahnbuerste@6x.png 1786w\" sizes=\"(max-width: 726px) 100vw, 726px\" \/>\t\t\t\t\t\t\t\t\t\t\t\t\t\t\t<\/div>\n\t\t\t\t<\/div>\n\t\t\t\t\t<\/div>\n\t\t<\/div>\n\t\t\t\t\t<\/div>\n\t\t<\/section>\n\t\t\t\t<\/div>\n\t\t","protected":false},"excerpt":{"rendered":"<p>Guide \u00e9tape par \u00e9tape 1. S&rsquo;inscrire Inscris-toi en ligne ou passe directement chez nous au LeihBar\u00e0Objets. Confirme ton adresse e-mail. Paye ta cotisation directement sur place au LeihBar\u00e0Objets : soit en esp\u00e8ces, soit par Twint. Il y a un distributeur automatique de billets juste \u00e0 c\u00f4t\u00e9, \u00e0 la Migros. 2. R\u00e9server Parcours le catalogue de [&hellip;]<\/p>\n","protected":false},"author":1,"featured_media":29708,"parent":0,"menu_order":0,"comment_status":"closed","ping_status":"closed","template":"","meta":{"footnotes":""},"class_list":["post-29099","page","type-page","status-publish","has-post-thumbnail","hentry"],"jetpack_sharing_enabled":true,"_links":{"self":[{"href":"https:\/\/leihbaraobjets.ch\/fr\/wp-json\/wp\/v2\/pages\/29099","targetHints":{"allow":["GET"]}}],"collection":[{"href":"https:\/\/leihbaraobjets.ch\/fr\/wp-json\/wp\/v2\/pages"}],"about":[{"href":"https:\/\/leihbaraobjets.ch\/fr\/wp-json\/wp\/v2\/types\/page"}],"author":[{"embeddable":true,"href":"https:\/\/leihbaraobjets.ch\/fr\/wp-json\/wp\/v2\/users\/1"}],"replies":[{"embeddable":true,"href":"https:\/\/leihbaraobjets.ch\/fr\/wp-json\/wp\/v2\/comments?post=29099"}],"version-history":[{"count":70,"href":"https:\/\/leihbaraobjets.ch\/fr\/wp-json\/wp\/v2\/pages\/29099\/revisions"}],"predecessor-version":[{"id":29994,"href":"https:\/\/leihbaraobjets.ch\/fr\/wp-json\/wp\/v2\/pages\/29099\/revisions\/29994"}],"wp:featuredmedia":[{"embeddable":true,"href":"https:\/\/leihbaraobjets.ch\/fr\/wp-json\/wp\/v2\/media\/29708"}],"wp:attachment":[{"href":"https:\/\/leihbaraobjets.ch\/fr\/wp-json\/wp\/v2\/media?parent=29099"}],"curies":[{"name":"wp","href":"https:\/\/api.w.org\/{rel}","templated":true}]}}