{"id":29101,"date":"2023-02-13T11:23:27","date_gmt":"2023-02-13T10:23:27","guid":{"rendered":"https:\/\/leihbaraobjets.supero.ch\/ueber-uns-infos\/"},"modified":"2024-10-21T12:07:57","modified_gmt":"2024-10-21T10:07:57","slug":"ueber-uns-infos","status":"publish","type":"page","link":"https:\/\/leihbaraobjets.ch\/fr\/ueber-uns-infos\/","title":{"rendered":"\u00c0 propos de nous"},"content":{"rendered":"\t\t<div data-elementor-type=\"wp-page\" data-elementor-id=\"29101\" class=\"elementor elementor-29101 elementor-28932\" data-elementor-post-type=\"page\">\n\t\t\t\t\t\t<section class=\"elementor-section elementor-top-section elementor-element elementor-element-742f12f5 elementor-section-boxed elementor-section-height-default elementor-section-height-default\" data-id=\"742f12f5\" data-element_type=\"section\">\n\t\t\t\t\t\t<div class=\"elementor-container elementor-column-gap-default\">\n\t\t\t\t\t<div class=\"elementor-column elementor-col-100 elementor-top-column elementor-element elementor-element-4d4da9fc\" data-id=\"4d4da9fc\" data-element_type=\"column\">\n\t\t\t<div class=\"elementor-widget-wrap elementor-element-populated\">\n\t\t\t\t\t\t<div class=\"elementor-element elementor-element-30454e82 elementor-widget elementor-widget-text-editor\" data-id=\"30454e82\" data-element_type=\"widget\" data-widget_type=\"text-editor.default\">\n\t\t\t\t<div class=\"elementor-widget-container\">\n\t\t\t\t\t\t\t\t\t<h1 style=\"font-weight: 400;\"><strong>Notre <\/strong><strong>philosophie<\/strong><strong> &#8211; <\/strong><strong>Pourquoi<\/strong><strong>\u00a0<\/strong><strong>faisons<\/strong><strong>-nous <\/strong><strong>cela<\/strong><strong> ?<\/strong><\/h1><p>Partager au lieu\u00a0d&rsquo;acheter, telle\u00a0est\u00a0l&rsquo;id\u00e9e de base du LeihBar\u00e0Objets. Cette id\u00e9e joue\u00a0\u00e9galement un r\u00f4le important dans le concept d&rsquo;\u00e9conomie\u00a0circulaire. Une\u00a0gestion durable de nos\u00a0ressources\u00a0n&rsquo;est possible que si nous les utilisons de mani\u00e8re plus intelligente. Cela\u00a0signifie que les biens de consommation\u00a0doivent\u00a0\u00eatre\u00a0utilis\u00e9s beaucoup plus longtemps et qu&rsquo;\u00e0 la fin de leur cycle de vie, ils\u00a0doivent\u00a0pouvoir\u00a0\u00eatre\u00a0utilis\u00e9s\u00a0comme\u00a0mati\u00e8res premi\u00e8res pour la production de nouveaux biens.<\/p><p>Nous n&rsquo;en\u00a0sommes encore qu&rsquo;au d\u00e9but d&rsquo;une\u00a0\u00e9volution\u00a0vers un mode \u00e9conomique qui ne gaspille plus les ressources\u00a0naturelles et les mati\u00e8res premi\u00e8res, comme si elles \u00e9taient infinies. L&rsquo;id\u00e9e\u00a0d&rsquo;une\u00a0\u00e9conomie qui ne vise pas \u00e0 jeter, mais \u00e0 r\u00e9utiliser- r\u00e9parer et recycler, ne s&rsquo;impose que lentement. Pourtant, l&rsquo;\u00e9conomie\u00a0circulaire ne concerne pas uniquement le monde \u00e9conomique, mais\u00a0aussi nous, les consommateurs. Pour que les mat\u00e9riaux et les produits\u00a0puissent\u00a0circuler\u00a0plut\u00f4t que d\u2019\u00eatre capitaliser, nous avons\u00a0tous un r\u00f4le \u00e0 jouer.<\/p><p>Le LeihBar\u00e0Objets se consid\u00e8re\u00a0comme\u00a0une\u00a0partie de cette\u00a0gestion durable des ressources &#8211; celui qui n&rsquo;ach\u00e8te pas lui-m\u00eame des choses, mais les emprunte, contribue \u00e0 r\u00e9duire la consommation\u00a0g\u00e9n\u00e9rale des ressources. Et nous faisons\u00a0partie d&rsquo;un changement social qui prend de plus en plus d&rsquo;ampleur : Souvent, moins\u00a0c&rsquo;est plus ! Un nombre croissant de personnes ne veulent plus poss\u00e9der des choses \u00e0 tout prix, mais ne jurent que par la location et le partage. Non pas par refus de consommer, mais\u00a0parce que la possession peut\u00a0aussi\u00a0\u00eatre un fardeau. Ceux qui pensent aux montagnes de cartons lors de leur dernier d\u00e9m\u00e9nagement\u00a0ou \u00e0 la recherche\u00a0d\u00e9sesp\u00e9r\u00e9e\u00a0d&rsquo;une place de parking libre ne peuvent que leur donner raison.<\/p><p>Notre offre ne s&rsquo;adresse\u00a0toutefois pas uniquement aux personnes qui accordent de l&rsquo;importance \u00e0 un mode de vie \u00e9cologique &#8211; emprunter au lieu de poss\u00e9der\u00a0est\u00a0\u00e9galement\u00a0int\u00e9ressant pour toutes les personnes qui doivent faire attention \u00e0 leurs\u00a0d\u00e9penses. Emprunter des objets au lieu de les acheter\u00a0permet\u00a0d&rsquo;\u00e9conomiser de l&rsquo;argent. Et un\u00a0autre\u00a0avantage : le LeihBar\u00e0Objets n&rsquo;est\u00a0pas\u00a0seulement\u00a0utile, il\u00a0apporte\u00a0aussi du changement\u00a0dans la vie\u00a0quotidienne. Emprunter\u00a0une\u00a0machine \u00e0 gla\u00e7ons ? Bonne id\u00e9e ! Il y a longtemps que je\u00a0voulais\u00a0cr\u00e9er ma granita\u00a0 personnelle\u00a0pr\u00e9f\u00e9r\u00e9e. Un appareil \u00e0 hot-dogs ? Ce serait parfait pour l&rsquo;anniversaire de ma fille !<\/p>\t\t\t\t\t\t\t\t<\/div>\n\t\t\t\t<\/div>\n\t\t\t\t\t<\/div>\n\t\t<\/div>\n\t\t\t\t\t<\/div>\n\t\t<\/section>\n\t\t\t\t<section class=\"elementor-section elementor-top-section elementor-element elementor-element-3a26884 elementor-section-boxed elementor-section-height-default elementor-section-height-default\" data-id=\"3a26884\" data-element_type=\"section\">\n\t\t\t\t\t\t<div class=\"elementor-container elementor-column-gap-default\">\n\t\t\t\t\t<div class=\"elementor-column elementor-col-100 elementor-top-column elementor-element elementor-element-0c27382\" data-id=\"0c27382\" data-element_type=\"column\">\n\t\t\t<div class=\"elementor-widget-wrap elementor-element-populated\">\n\t\t\t\t\t\t<section class=\"elementor-section elementor-inner-section elementor-element elementor-element-d0f0178 elementor-section-boxed elementor-section-height-default elementor-section-height-default\" data-id=\"d0f0178\" data-element_type=\"section\">\n\t\t\t\t\t\t<div class=\"elementor-container elementor-column-gap-default\">\n\t\t\t\t\t<div class=\"elementor-column elementor-col-50 elementor-inner-column elementor-element elementor-element-5191dd3\" data-id=\"5191dd3\" data-element_type=\"column\">\n\t\t\t<div class=\"elementor-widget-wrap elementor-element-populated\">\n\t\t\t\t\t\t<div class=\"elementor-element elementor-element-fdc113d elementor-widget elementor-widget-text-editor\" data-id=\"fdc113d\" data-element_type=\"widget\" data-widget_type=\"text-editor.default\">\n\t\t\t\t<div class=\"elementor-widget-container\">\n\t\t\t\t\t\t\t\t\t<h1>Infos<\/h1><h2>LeihBar\u00e0Objets<\/h2><p><u>Emprunt<br \/><\/u>c\/o QuartierInfo Centre<br \/>Rue de l&rsquo;Union 11<br \/>2502 Biel \/ Bienne<\/p><p><u>Adresse postale<br \/><\/u>c\/o QuartierInfo Centre<u><br \/><\/u>Rue de Fer 6<br \/>2502 Biel \/ Bienne <\/p><div><span style=\"text-decoration: underline;\">Informations sur le compte:<\/span><\/div><div>CH14 8080 8002 9523 2958 5<br \/>IID (BC-Nr.): 80808<br \/>SWIFT-BIC: RAIFCH22<\/div><div>\u00a0<\/div>\t\t\t\t\t\t\t\t<\/div>\n\t\t\t\t<\/div>\n\t\t\t\t\t<\/div>\n\t\t<\/div>\n\t\t\t\t<div class=\"elementor-column elementor-col-50 elementor-inner-column elementor-element elementor-element-58deb58\" data-id=\"58deb58\" data-element_type=\"column\">\n\t\t\t<div class=\"elementor-widget-wrap elementor-element-populated\">\n\t\t\t\t\t\t<div class=\"elementor-element elementor-element-9b338ab elementor-widget elementor-widget-text-editor\" data-id=\"9b338ab\" data-element_type=\"widget\" data-widget_type=\"text-editor.default\">\n\t\t\t\t<div class=\"elementor-widget-container\">\n\t\t\t\t\t\t\t\t\t<h1 style=\"font-weight: 400;\">Heures d&rsquo;ouverture<\/h1><p>Jeudi:\u00a0 17.00 \u00e0 19.00 heures<br \/>Samedi: 10.00 \u00e0 12.00 heures<\/p>\t\t\t\t\t\t\t\t<\/div>\n\t\t\t\t<\/div>\n\t\t\t\t<div class=\"elementor-element elementor-element-e00b987 elementor-widget elementor-widget-text-editor\" data-id=\"e00b987\" data-element_type=\"widget\" data-widget_type=\"text-editor.default\">\n\t\t\t\t<div class=\"elementor-widget-container\">\n\t\t\t\t\t\t\t\t\t<h1 style=\"font-weight: 400;\">Contact<\/h1><p>Mail. <a href=\"mailto:info@leihbaraobjets.ch\">info@leihbaraobjets.ch<\/a><br \/>Tel. 077 467 15 18 (uniquement pendant les heures d&rsquo;ouverture)<\/p>\t\t\t\t\t\t\t\t<\/div>\n\t\t\t\t<\/div>\n\t\t\t\t<div class=\"elementor-element elementor-element-52e3703 elementor-widget elementor-widget-text-editor\" data-id=\"52e3703\" data-element_type=\"widget\" data-widget_type=\"text-editor.default\">\n\t\t\t\t<div class=\"elementor-widget-container\">\n\t\t\t\t\t\t\t\t\t<h1 style=\"font-weight: 400;\">Informations\u00a0juridiques<\/h1><p>Le LeihBar\u00e0Objets est\u00a0une association politiquement et confessionnellement\u00a0ind\u00e9pendante au sens de l&rsquo;article 60 du Code civil. L&rsquo;association a pour but de pr\u00eater\u00a0diff\u00e9rents\u00a0objets \u00e0 un large cercle de personnes. Cela\u00a0doit\u00a0permettre de pr\u00e9server les ressources et donc\u00a0l&rsquo;environnement. L&rsquo;association ne poursuit pas de but commercial et ne cherche pas \u00e0 faire de b\u00e9n\u00e9fices.<\/p><p>Des documents suivants peuvent \u00eatre t\u00e9l\u00e9charg\u00e9s ici :<\/p><ul><li><a href=\"https:\/\/leihbaraobjets.ch\/wp-content\/uploads\/2023\/03\/22_07_Statuten_LeihBaraObjets_Biel-Bienne_final.pdf\"><span style=\"text-decoration: underline;\">Statuts de l&rsquo;association<\/span><\/a><\/li><li><a href=\"https:\/\/leihbaraobjets.ch\/wp-content\/uploads\/2023\/03\/23_03_AGBs-CG_LeihBaraObjets-6.pdf\"><span style=\"text-decoration: underline;\">Conditions g\u00e9n\u00e9rales de vente<\/span><\/a><\/li><\/ul>\t\t\t\t\t\t\t\t<\/div>\n\t\t\t\t<\/div>\n\t\t\t\t\t<\/div>\n\t\t<\/div>\n\t\t\t\t\t<\/div>\n\t\t<\/section>\n\t\t\t\t\t<\/div>\n\t\t<\/div>\n\t\t\t\t\t<\/div>\n\t\t<\/section>\n\t\t\t\t<section class=\"elementor-section elementor-top-section elementor-element elementor-element-09330a9 elementor-section-boxed elementor-section-height-default elementor-section-height-default\" data-id=\"09330a9\" data-element_type=\"section\">\n\t\t\t\t\t\t<div class=\"elementor-container elementor-column-gap-default\">\n\t\t\t\t\t<div class=\"elementor-column elementor-col-33 elementor-top-column elementor-element elementor-element-3ecf9b8\" data-id=\"3ecf9b8\" data-element_type=\"column\">\n\t\t\t<div class=\"elementor-widget-wrap elementor-element-populated\">\n\t\t\t\t\t\t<div class=\"elementor-element elementor-element-e2c7681 elementor-widget elementor-widget-text-editor\" data-id=\"e2c7681\" data-element_type=\"widget\" data-widget_type=\"text-editor.default\">\n\t\t\t\t<div class=\"elementor-widget-container\">\n\t\t\t\t\t\t\t\t\t<h1>Dons<\/h1>\n<p>Si tu&nbsp;souhaite nous faire un don, tu peux&nbsp;nous envoyer de l&rsquo;argent par virement&nbsp;bancaire&nbsp;ou par Twint. Les informations bancaires se trouvent ci-dessus ; le code Twint se trouve&nbsp;ici.<\/p>\n<p>Note&nbsp;qu&rsquo;une&nbsp;adh\u00e9sion&nbsp;r\u00e9guli\u00e8re ne peut&nbsp;\u00eatre&nbsp;pay\u00e9e que sur place pendant les heures&nbsp;d&rsquo;ouverture.<\/p>\t\t\t\t\t\t\t\t<\/div>\n\t\t\t\t<\/div>\n\t\t\t\t\t<\/div>\n\t\t<\/div>\n\t\t\t\t<div class=\"elementor-column elementor-col-66 elementor-top-column elementor-element elementor-element-6f5fee5\" data-id=\"6f5fee5\" data-element_type=\"column\">\n\t\t\t<div class=\"elementor-widget-wrap elementor-element-populated\">\n\t\t\t\t\t\t<div class=\"elementor-element elementor-element-260d370 elementor-widget elementor-widget-image\" data-id=\"260d370\" data-element_type=\"widget\" data-widget_type=\"image.default\">\n\t\t\t\t<div class=\"elementor-widget-container\">\n\t\t\t\t\t\t\t\t\t\t\t\t\t\t\t<img fetchpriority=\"high\" decoding=\"async\" width=\"800\" height=\"365\" src=\"https:\/\/leihbaraobjets.ch\/wp-content\/uploads\/2023\/03\/23_03_LeiohBaraObjets_TWINT_Spende_Individueller-Betrag_DE-1024x467.png\" class=\"attachment-large size-large wp-image-29454\" alt=\"\" srcset=\"https:\/\/leihbaraobjets.ch\/wp-content\/uploads\/2023\/03\/23_03_LeiohBaraObjets_TWINT_Spende_Individueller-Betrag_DE-1024x467.png 1024w, https:\/\/leihbaraobjets.ch\/wp-content\/uploads\/2023\/03\/23_03_LeiohBaraObjets_TWINT_Spende_Individueller-Betrag_DE-300x137.png 300w, https:\/\/leihbaraobjets.ch\/wp-content\/uploads\/2023\/03\/23_03_LeiohBaraObjets_TWINT_Spende_Individueller-Betrag_DE-768x350.png 768w, https:\/\/leihbaraobjets.ch\/wp-content\/uploads\/2023\/03\/23_03_LeiohBaraObjets_TWINT_Spende_Individueller-Betrag_DE.png 1087w\" sizes=\"(max-width: 800px) 100vw, 800px\" \/>\t\t\t\t\t\t\t\t\t\t\t\t\t\t\t<\/div>\n\t\t\t\t<\/div>\n\t\t\t\t\t<\/div>\n\t\t<\/div>\n\t\t\t\t\t<\/div>\n\t\t<\/section>\n\t\t\t\t<section class=\"elementor-section elementor-top-section elementor-element elementor-element-4777ead elementor-section-boxed elementor-section-height-default elementor-section-height-default\" data-id=\"4777ead\" data-element_type=\"section\">\n\t\t\t\t\t\t<div class=\"elementor-container elementor-column-gap-default\">\n\t\t\t\t\t<div class=\"elementor-column elementor-col-100 elementor-top-column elementor-element elementor-element-1877b70\" data-id=\"1877b70\" data-element_type=\"column\">\n\t\t\t<div class=\"elementor-widget-wrap elementor-element-populated\">\n\t\t\t\t\t\t<div class=\"elementor-element elementor-element-7d0bf3d elementor-widget elementor-widget-text-editor\" data-id=\"7d0bf3d\" data-element_type=\"widget\" data-widget_type=\"text-editor.default\">\n\t\t\t\t<div class=\"elementor-widget-container\">\n\t\t\t\t\t\t\t\t\t<h1>Notre r\u00e9seau<\/h1><div>Le LeihBar\u00e0Objets n&rsquo;a pas \u00e9t\u00e9\u00a0cr\u00e9\u00e9 ex nihilo. C&rsquo;est\u00a0pourquoi nous sommes\u00a0reconnaissants\u00a0envers\u00a0notre\u00a0r\u00e9seau.<\/div>\t\t\t\t\t\t\t\t<\/div>\n\t\t\t\t<\/div>\n\t\t\t\t\t<\/div>\n\t\t<\/div>\n\t\t\t\t\t<\/div>\n\t\t<\/section>\n\t\t\t\t<section class=\"elementor-section elementor-top-section elementor-element elementor-element-1531237 elementor-section-boxed elementor-section-height-default elementor-section-height-default\" data-id=\"1531237\" data-element_type=\"section\">\n\t\t\t\t\t\t<div class=\"elementor-container elementor-column-gap-default\">\n\t\t\t\t\t<div class=\"elementor-column elementor-col-100 elementor-top-column elementor-element elementor-element-130c125\" data-id=\"130c125\" data-element_type=\"column\">\n\t\t\t<div class=\"elementor-widget-wrap elementor-element-populated\">\n\t\t\t\t\t\t<div class=\"elementor-element elementor-element-507fb58 elementor-widget elementor-widget-gallery\" data-id=\"507fb58\" data-element_type=\"widget\" data-settings=\"{&quot;columns&quot;:5,&quot;gap&quot;:{&quot;unit&quot;:&quot;px&quot;,&quot;size&quot;:73,&quot;sizes&quot;:[]},&quot;aspect_ratio&quot;:&quot;4:3&quot;,&quot;lazyload&quot;:&quot;yes&quot;,&quot;gallery_layout&quot;:&quot;grid&quot;,&quot;columns_tablet&quot;:2,&quot;columns_mobile&quot;:1,&quot;gap_tablet&quot;:{&quot;unit&quot;:&quot;px&quot;,&quot;size&quot;:10,&quot;sizes&quot;:[]},&quot;gap_mobile&quot;:{&quot;unit&quot;:&quot;px&quot;,&quot;size&quot;:10,&quot;sizes&quot;:[]},&quot;link_to&quot;:&quot;file&quot;,&quot;overlay_background&quot;:&quot;yes&quot;,&quot;content_hover_animation&quot;:&quot;fade-in&quot;}\" data-widget_type=\"gallery.default\">\n\t\t\t\t<div class=\"elementor-widget-container\">\n\t\t\t\t\t\t\t<div class=\"elementor-gallery__container\">\n\t\t\t\t\t\t\t<a class=\"e-gallery-item elementor-gallery-item elementor-animated-content\" href=\"https:\/\/leihbaraobjets.ch\/wp-content\/uploads\/2023\/03\/LOGO_Stiftung-fuer-Konsumentenschutz_4farbig.jpg\" data-elementor-open-lightbox=\"yes\" data-elementor-lightbox-slideshow=\"507fb58\" data-elementor-lightbox-title=\"LOGO_Stiftung-f\u00fcr-Konsumentenschutz_4farbig\" data-e-action-hash=\"#elementor-action%3Aaction%3Dlightbox%26settings%3DeyJpZCI6MjkzOTgsInVybCI6Imh0dHBzOlwvXC9sZWloYmFyYW9iamV0cy5jaFwvd3AtY29udGVudFwvdXBsb2Fkc1wvMjAyM1wvMDNcL0xPR09fU3RpZnR1bmctZnVlci1Lb25zdW1lbnRlbnNjaHV0el80ZmFyYmlnLmpwZyIsInNsaWRlc2hvdyI6IjUwN2ZiNTgifQ%3D%3D\">\n\t\t\t\t\t<div class=\"e-gallery-image elementor-gallery-item__image\" data-thumbnail=\"https:\/\/leihbaraobjets.ch\/wp-content\/uploads\/2023\/03\/LOGO_Stiftung-fuer-Konsumentenschutz_4farbig.jpg\" data-width=\"1501\" data-height=\"764\" aria-label=\"\" role=\"img\" ><\/div>\n\t\t\t\t\t\t\t\t\t\t\t<div class=\"elementor-gallery-item__overlay\"><\/div>\n\t\t\t\t\t\t\t\t\t\t\t\t\t\t<\/a>\n\t\t\t\t\t\t\t<a class=\"e-gallery-item elementor-gallery-item elementor-animated-content\" href=\"https:\/\/leihbaraobjets.ch\/wp-content\/uploads\/2023\/03\/caring_communities_cmyk_schwarz.jpg\" data-elementor-open-lightbox=\"yes\" data-elementor-lightbox-slideshow=\"507fb58\" data-elementor-lightbox-title=\"caring_communities_cmyk_schwarz\" data-e-action-hash=\"#elementor-action%3Aaction%3Dlightbox%26settings%3DeyJpZCI6MjkzOTYsInVybCI6Imh0dHBzOlwvXC9sZWloYmFyYW9iamV0cy5jaFwvd3AtY29udGVudFwvdXBsb2Fkc1wvMjAyM1wvMDNcL2NhcmluZ19jb21tdW5pdGllc19jbXlrX3NjaHdhcnouanBnIiwic2xpZGVzaG93IjoiNTA3ZmI1OCJ9\">\n\t\t\t\t\t<div class=\"e-gallery-image elementor-gallery-item__image\" data-thumbnail=\"https:\/\/leihbaraobjets.ch\/wp-content\/uploads\/2023\/03\/caring_communities_cmyk_schwarz.jpg\" data-width=\"200\" data-height=\"43\" aria-label=\"\" role=\"img\" ><\/div>\n\t\t\t\t\t\t\t\t\t\t\t<div class=\"elementor-gallery-item__overlay\"><\/div>\n\t\t\t\t\t\t\t\t\t\t\t\t\t\t<\/a>\n\t\t\t\t\t\t\t<a class=\"e-gallery-item elementor-gallery-item elementor-animated-content\" href=\"https:\/\/leihbaraobjets.ch\/wp-content\/uploads\/2023\/03\/Logo_LB_Orange_RGB.png\" data-elementor-open-lightbox=\"yes\" data-elementor-lightbox-slideshow=\"507fb58\" data-elementor-lightbox-title=\"Logo_LB_Orange_RGB\" data-e-action-hash=\"#elementor-action%3Aaction%3Dlightbox%26settings%3DeyJpZCI6Mjk0MDIsInVybCI6Imh0dHBzOlwvXC9sZWloYmFyYW9iamV0cy5jaFwvd3AtY29udGVudFwvdXBsb2Fkc1wvMjAyM1wvMDNcL0xvZ29fTEJfT3JhbmdlX1JHQi5wbmciLCJzbGlkZXNob3ciOiI1MDdmYjU4In0%3D\">\n\t\t\t\t\t<div class=\"e-gallery-image elementor-gallery-item__image\" data-thumbnail=\"https:\/\/leihbaraobjets.ch\/wp-content\/uploads\/2023\/03\/Logo_LB_Orange_RGB.png\" data-width=\"954\" data-height=\"279\" aria-label=\"\" role=\"img\" ><\/div>\n\t\t\t\t\t\t\t\t\t\t\t<div class=\"elementor-gallery-item__overlay\"><\/div>\n\t\t\t\t\t\t\t\t\t\t\t\t\t\t<\/a>\n\t\t\t\t\t<\/div>\n\t\t\t\t\t<\/div>\n\t\t\t\t<\/div>\n\t\t\t\t\t<\/div>\n\t\t<\/div>\n\t\t\t\t\t<\/div>\n\t\t<\/section>\n\t\t\t\t<\/div>\n\t\t","protected":false},"excerpt":{"rendered":"<p>Notre philosophie &#8211; Pourquoi\u00a0faisons-nous cela ? Partager au lieu\u00a0d&rsquo;acheter, telle\u00a0est\u00a0l&rsquo;id\u00e9e de base du LeihBar\u00e0Objets. Cette id\u00e9e joue\u00a0\u00e9galement un r\u00f4le important dans le concept d&rsquo;\u00e9conomie\u00a0circulaire. Une\u00a0gestion durable de nos\u00a0ressources\u00a0n&rsquo;est possible que si nous les utilisons de mani\u00e8re plus intelligente. Cela\u00a0signifie que les biens de consommation\u00a0doivent\u00a0\u00eatre\u00a0utilis\u00e9s beaucoup plus longtemps et qu&rsquo;\u00e0 la fin de leur cycle de [&hellip;]<\/p>\n","protected":false},"author":1,"featured_media":29724,"parent":0,"menu_order":0,"comment_status":"closed","ping_status":"closed","template":"","meta":{"footnotes":""},"class_list":["post-29101","page","type-page","status-publish","has-post-thumbnail","hentry"],"jetpack_sharing_enabled":true,"_links":{"self":[{"href":"https:\/\/leihbaraobjets.ch\/fr\/wp-json\/wp\/v2\/pages\/29101","targetHints":{"allow":["GET"]}}],"collection":[{"href":"https:\/\/leihbaraobjets.ch\/fr\/wp-json\/wp\/v2\/pages"}],"about":[{"href":"https:\/\/leihbaraobjets.ch\/fr\/wp-json\/wp\/v2\/types\/page"}],"author":[{"embeddable":true,"href":"https:\/\/leihbaraobjets.ch\/fr\/wp-json\/wp\/v2\/users\/1"}],"replies":[{"embeddable":true,"href":"https:\/\/leihbaraobjets.ch\/fr\/wp-json\/wp\/v2\/comments?post=29101"}],"version-history":[{"count":34,"href":"https:\/\/leihbaraobjets.ch\/fr\/wp-json\/wp\/v2\/pages\/29101\/revisions"}],"predecessor-version":[{"id":29918,"href":"https:\/\/leihbaraobjets.ch\/fr\/wp-json\/wp\/v2\/pages\/29101\/revisions\/29918"}],"wp:featuredmedia":[{"embeddable":true,"href":"https:\/\/leihbaraobjets.ch\/fr\/wp-json\/wp\/v2\/media\/29724"}],"wp:attachment":[{"href":"https:\/\/leihbaraobjets.ch\/fr\/wp-json\/wp\/v2\/media?parent=29101"}],"curies":[{"name":"wp","href":"https:\/\/api.w.org\/{rel}","templated":true}]}}